{"id":92,"date":"2022-06-29T12:21:25","date_gmt":"2022-06-29T10:21:25","guid":{"rendered":"https:\/\/trecustel.org\/?page_id=92"},"modified":"2025-01-26T15:25:25","modified_gmt":"2025-01-26T14:25:25","slug":"accueil","status":"publish","type":"page","link":"https:\/\/trecustel.org\/","title":{"rendered":"Accueil"},"content":{"rendered":"\t\t<div data-elementor-type=\"wp-page\" data-elementor-id=\"92\" class=\"elementor elementor-92\">\n\t\t\t\t\t\t<section class=\"elementor-section elementor-top-section elementor-element elementor-element-ebd0817 elementor-section-boxed elementor-section-height-default elementor-section-height-default\" data-id=\"ebd0817\" data-element_type=\"section\" data-e-type=\"section\">\n\t\t\t\t\t\t<div class=\"elementor-container elementor-column-gap-default\">\n\t\t\t\t\t<div class=\"elementor-column elementor-col-100 elementor-top-column elementor-element elementor-element-42b8104\" data-id=\"42b8104\" data-element_type=\"column\" data-e-type=\"column\">\n\t\t\t<div class=\"elementor-widget-wrap elementor-element-populated\">\n\t\t\t\t\t\t<div class=\"elementor-element elementor-element-65eeee5 elementor-widget elementor-widget-text-editor\" data-id=\"65eeee5\" data-element_type=\"widget\" data-e-type=\"widget\" data-widget_type=\"text-editor.default\">\n\t\t\t\t<div class=\"elementor-widget-container\">\n\t\t\t\t\t\t\t\t\t<p>TR\u00c9CUSTEL Culture et Environnement est une association loi 1901 qui agit pour d\u00e9velopper la culture et l&#8217;\u00e9cocitoyennet\u00e9. Elle propose des ateliers, des manifestations et des \u00e9v\u00e8nements ouvert \u00e0 tous sur Cucq-Tr\u00e9pied-Stella-Plage et dans le Montreuillois : Repair Caf\u00e9, ateliers z\u00e9ro d\u00e9chet, th\u00e9\u00e2tre, club lecture&#8230;<\/p><p>Cr\u00e9\u00e9e en 2020, elle est pr\u00e9sid\u00e9e par Ludovic GRIGNION,\u00a0 entour\u00e9 par la secr\u00e9taire, Nathalie LOTH, la tr\u00e9sori\u00e8re, Laurence LEFEBVRE, et les 3 autres membres du bureau, Etienne FOSSIER, H\u00e9l\u00e9na Richini et Karine LESTIENNE.<\/p><p>Elle compte plus d&#8217;une centaine d&#8217;adh\u00e9rents (avril 2024) dont une vingtaine de b\u00e9n\u00e9voles actifs.<\/p><p>L&#8217;association est bas\u00e9e au P\u00f4le Associatif, 269 rue Jean Jaur\u00e8s, \u00e0 Tr\u00e9pied, commune de Cucq.<\/p><p>\u00a0<\/p>\t\t\t\t\t\t\t\t<\/div>\n\t\t\t\t<\/div>\n\t\t\t\t\t<\/div>\n\t\t<\/div>\n\t\t\t\t\t<\/div>\n\t\t<\/section>\n\t\t\t\t<section class=\"elementor-section elementor-top-section elementor-element elementor-element-ab1ca13 elementor-section-boxed elementor-section-height-default elementor-section-height-default\" data-id=\"ab1ca13\" data-element_type=\"section\" data-e-type=\"section\">\n\t\t\t\t\t\t<div class=\"elementor-container elementor-column-gap-default\">\n\t\t\t\t\t<div class=\"elementor-column elementor-col-100 elementor-top-column elementor-element elementor-element-c12fa9e\" data-id=\"c12fa9e\" data-element_type=\"column\" data-e-type=\"column\">\n\t\t\t<div class=\"elementor-widget-wrap elementor-element-populated\">\n\t\t\t\t\t\t<div class=\"elementor-element elementor-element-221955d elementor-widget elementor-widget-heading\" data-id=\"221955d\" data-element_type=\"widget\" data-e-type=\"widget\" data-widget_type=\"heading.default\">\n\t\t\t\t<div class=\"elementor-widget-container\">\n\t\t\t\t\t<h2 class=\"elementor-heading-title elementor-size-default\">Comment adh\u00e9rer ?<\/h2>\t\t\t\t<\/div>\n\t\t\t\t<\/div>\n\t\t\t\t\t<\/div>\n\t\t<\/div>\n\t\t\t\t\t<\/div>\n\t\t<\/section>\n\t\t\t\t<section class=\"elementor-section elementor-top-section elementor-element elementor-element-aaf4132 elementor-section-boxed elementor-section-height-default elementor-section-height-default\" data-id=\"aaf4132\" data-element_type=\"section\" data-e-type=\"section\">\n\t\t\t\t\t\t<div class=\"elementor-container elementor-column-gap-default\">\n\t\t\t\t\t<div class=\"elementor-column elementor-col-100 elementor-top-column elementor-element elementor-element-77fe687\" data-id=\"77fe687\" data-element_type=\"column\" data-e-type=\"column\">\n\t\t\t<div class=\"elementor-widget-wrap elementor-element-populated\">\n\t\t\t\t\t\t<div class=\"elementor-element elementor-element-a6538d6 elementor-widget elementor-widget-text-editor\" data-id=\"a6538d6\" data-element_type=\"widget\" data-e-type=\"widget\" data-widget_type=\"text-editor.default\">\n\t\t\t\t<div class=\"elementor-widget-container\">\n\t\t\t\t\t\t\t\t\t<p>Vous pouvez adh\u00e9rer \u00e0 l&#8217;association :<\/p><ul><li>en vous rendant directement \u00e0 notre local au P\u00f4le associatif,\u00a0 269 rue Jean Jaur\u00e8s, 62780 Tr\u00e9pied-Cucq, lors des diff\u00e9rents ateliers (voir <a href=\"https:\/\/trecustel.org\/index.php\/agenda-general\/\" target=\"_blank\" rel=\"noopener\">agenda<\/a>)<\/li><li>par courrier \u00e9lectronique : trecustel62780@gmail.com<\/li><li>via la plateforme <a href=\"https:\/\/www.helloasso.com\/associations\/trecustel-culture-et-environnement\/adhesions\/adhesion-trecustel-culture-et-environnement\" target=\"_blank\" rel=\"noopener\">helloasso.com<\/a><\/li><\/ul><p>Le montant de l&#8217;adh\u00e9sion est de 10\u20ac.<\/p>\t\t\t\t\t\t\t\t<\/div>\n\t\t\t\t<\/div>\n\t\t\t\t\t<\/div>\n\t\t<\/div>\n\t\t\t\t\t<\/div>\n\t\t<\/section>\n\t\t\t\t<\/div>\n\t\t","protected":false},"excerpt":{"rendered":"<p>TR\u00c9CUSTEL Culture et Environnement est une association loi 1901 qui agit pour d\u00e9velopper la culture et l&#8217;\u00e9cocitoyennet\u00e9. Elle propose des ateliers, des manifestations et des \u00e9v\u00e8nements ouvert \u00e0 tous sur Cucq-Tr\u00e9pied-Stella-Plage et dans le Montreuillois : Repair Caf\u00e9, ateliers z\u00e9ro d\u00e9chet, th\u00e9\u00e2tre, club lecture&#8230; Cr\u00e9\u00e9e en 2020, elle est pr\u00e9sid\u00e9e par Ludovic GRIGNION,\u00a0 entour\u00e9 par&hellip;&nbsp;<a href=\"https:\/\/trecustel.org\/\" rel=\"bookmark\">Lire la suite &raquo;<span class=\"screen-reader-text\">Accueil<\/span><\/a><\/p>\n","protected":false},"author":1,"featured_media":0,"parent":0,"menu_order":0,"comment_status":"closed","ping_status":"closed","template":"","meta":{"om_disable_all_campaigns":false,"_monsterinsights_skip_tracking":false,"_monsterinsights_sitenote_active":false,"_monsterinsights_sitenote_note":"","_monsterinsights_sitenote_category":0,"neve_meta_sidebar":"","neve_meta_container":"","neve_meta_enable_content_width":"","neve_meta_content_width":0,"neve_meta_title_alignment":"","neve_meta_author_avatar":"","neve_post_elements_order":"","neve_meta_disable_header":"","neve_meta_disable_footer":"","neve_meta_disable_title":"","footnotes":""},"class_list":["post-92","page","type-page","status-publish","hentry"],"aioseo_notices":[],"_links":{"self":[{"href":"https:\/\/trecustel.org\/index.php\/wp-json\/wp\/v2\/pages\/92","targetHints":{"allow":["GET"]}}],"collection":[{"href":"https:\/\/trecustel.org\/index.php\/wp-json\/wp\/v2\/pages"}],"about":[{"href":"https:\/\/trecustel.org\/index.php\/wp-json\/wp\/v2\/types\/page"}],"author":[{"embeddable":true,"href":"https:\/\/trecustel.org\/index.php\/wp-json\/wp\/v2\/users\/1"}],"replies":[{"embeddable":true,"href":"https:\/\/trecustel.org\/index.php\/wp-json\/wp\/v2\/comments?post=92"}],"version-history":[{"count":231,"href":"https:\/\/trecustel.org\/index.php\/wp-json\/wp\/v2\/pages\/92\/revisions"}],"predecessor-version":[{"id":5058,"href":"https:\/\/trecustel.org\/index.php\/wp-json\/wp\/v2\/pages\/92\/revisions\/5058"}],"wp:attachment":[{"href":"https:\/\/trecustel.org\/index.php\/wp-json\/wp\/v2\/media?parent=92"}],"curies":[{"name":"wp","href":"https:\/\/api.w.org\/{rel}","templated":true}]}}