{"id":3353,"date":"2022-10-14T15:28:16","date_gmt":"2022-10-14T13:28:16","guid":{"rendered":"https:\/\/trecustel.org\/?page_id=3353"},"modified":"2022-11-29T18:34:57","modified_gmt":"2022-11-29T17:34:57","slug":"atelier-tricot-et-papotages","status":"publish","type":"page","link":"https:\/\/trecustel.org\/index.php\/atelier-tricot-et-papotages\/","title":{"rendered":"Atelier tricotage et papotage"},"content":{"rendered":"\t\t<div data-elementor-type=\"wp-page\" data-elementor-id=\"3353\" class=\"elementor elementor-3353\">\n\t\t\t\t\t\t<section class=\"elementor-section elementor-top-section elementor-element elementor-element-1f7fc3f elementor-section-boxed elementor-section-height-default elementor-section-height-default\" data-id=\"1f7fc3f\" data-element_type=\"section\" data-e-type=\"section\">\n\t\t\t\t\t\t<div class=\"elementor-container elementor-column-gap-default\">\n\t\t\t\t\t<div class=\"elementor-column elementor-col-100 elementor-top-column elementor-element elementor-element-0a65355\" data-id=\"0a65355\" data-element_type=\"column\" data-e-type=\"column\">\n\t\t\t<div class=\"elementor-widget-wrap elementor-element-populated\">\n\t\t\t\t\t\t<div class=\"elementor-element elementor-element-8b86d71 elementor-widget elementor-widget-text-editor\" data-id=\"8b86d71\" data-element_type=\"widget\" data-e-type=\"widget\" data-widget_type=\"text-editor.default\">\n\t\t\t\t<div class=\"elementor-widget-container\">\n\t\t\t\t\t\t\t\t\t<p>L&#8217;atelier Tricotage et papotage a plusieurs vocations :<\/p><ul><li>Pour les d\u00e9butants, d&#8217;apprendre \u00e0 tricoter<\/li><li>Pour les plus aguerris, se perfectionner et s&#8217;entraider tout en papotant !<\/li><\/ul><p>Bref, c&#8217;est passer un moment convivial autour d&#8217;un caf\u00e9 ou d&#8217;un th\u00e9.<\/p><p>L&#8217;atelier a lieu le 2\u00e8me mercredi et le 4\u00e8me samedi du mois dans notre local \u00e0 Stella.<\/p><p>Nous r\u00e9cup\u00e9rons des pelotes et des aiguilles inutilis\u00e9es pour permettre aux d\u00e9butants de s&#8217;entra\u00eener. Alors, \u00e0 vos placards !<\/p>\t\t\t\t\t\t\t\t<\/div>\n\t\t\t\t<\/div>\n\t\t\t\t\t<\/div>\n\t\t<\/div>\n\t\t\t\t\t<\/div>\n\t\t<\/section>\n\t\t\t\t<section class=\"elementor-section elementor-top-section elementor-element elementor-element-5c117fb elementor-section-boxed elementor-section-height-default elementor-section-height-default\" data-id=\"5c117fb\" data-element_type=\"section\" data-e-type=\"section\">\n\t\t\t\t\t\t<div class=\"elementor-container elementor-column-gap-default\">\n\t\t\t\t\t<div class=\"elementor-column elementor-col-33 elementor-top-column elementor-element elementor-element-8d4c7ab\" data-id=\"8d4c7ab\" data-element_type=\"column\" data-e-type=\"column\">\n\t\t\t<div class=\"elementor-widget-wrap elementor-element-populated\">\n\t\t\t\t\t\t<div class=\"elementor-element elementor-element-9b19cbe elementor-widget elementor-widget-image\" data-id=\"9b19cbe\" data-element_type=\"widget\" data-e-type=\"widget\" data-widget_type=\"image.default\">\n\t\t\t\t<div class=\"elementor-widget-container\">\n\t\t\t\t\t\t\t\t\t\t\t\t\t\t\t<img fetchpriority=\"high\" decoding=\"async\" width=\"768\" height=\"467\" src=\"https:\/\/trecustel.org\/wp-content\/uploads\/2022\/10\/tricot-1-768x467.jpg\" class=\"attachment-medium_large size-medium_large wp-image-3357\" alt=\"\" srcset=\"https:\/\/trecustel.org\/wp-content\/uploads\/2022\/10\/tricot-1-768x467.jpg 768w, https:\/\/trecustel.org\/wp-content\/uploads\/2022\/10\/tricot-1-300x182.jpg 300w, https:\/\/trecustel.org\/wp-content\/uploads\/2022\/10\/tricot-1-1024x623.jpg 1024w, https:\/\/trecustel.org\/wp-content\/uploads\/2022\/10\/tricot-1-1536x934.jpg 1536w, https:\/\/trecustel.org\/wp-content\/uploads\/2022\/10\/tricot-1-2048x1246.jpg 2048w, https:\/\/trecustel.org\/wp-content\/uploads\/2022\/10\/tricot-1-1320x803.jpg 1320w\" sizes=\"(max-width: 768px) 100vw, 768px\" \/>\t\t\t\t\t\t\t\t\t\t\t\t\t\t\t<\/div>\n\t\t\t\t<\/div>\n\t\t\t\t\t<\/div>\n\t\t<\/div>\n\t\t\t\t<div class=\"elementor-column elementor-col-33 elementor-top-column elementor-element elementor-element-b2bed86\" data-id=\"b2bed86\" data-element_type=\"column\" data-e-type=\"column\">\n\t\t\t<div class=\"elementor-widget-wrap\">\n\t\t\t\t\t\t\t<\/div>\n\t\t<\/div>\n\t\t\t\t<div class=\"elementor-column elementor-col-33 elementor-top-column elementor-element elementor-element-b370acb\" data-id=\"b370acb\" data-element_type=\"column\" data-e-type=\"column\">\n\t\t\t<div class=\"elementor-widget-wrap\">\n\t\t\t\t\t\t\t<\/div>\n\t\t<\/div>\n\t\t\t\t\t<\/div>\n\t\t<\/section>\n\t\t\t\t<\/div>\n\t\t","protected":false},"excerpt":{"rendered":"<p>L&#8217;atelier Tricotage et papotage a plusieurs vocations : Pour les d\u00e9butants, d&#8217;apprendre \u00e0 tricoter Pour les plus aguerris, se perfectionner et s&#8217;entraider tout en papotant ! Bref, c&#8217;est passer un moment convivial autour d&#8217;un caf\u00e9 ou d&#8217;un th\u00e9. L&#8217;atelier a lieu le 2\u00e8me mercredi et le 4\u00e8me samedi du mois dans notre local \u00e0 Stella.&hellip;&nbsp;<a href=\"https:\/\/trecustel.org\/index.php\/atelier-tricot-et-papotages\/\" rel=\"bookmark\">Lire la suite &raquo;<span class=\"screen-reader-text\">Atelier tricotage et papotage<\/span><\/a><\/p>\n","protected":false},"author":1,"featured_media":0,"parent":0,"menu_order":0,"comment_status":"closed","ping_status":"closed","template":"","meta":{"om_disable_all_campaigns":false,"_monsterinsights_skip_tracking":false,"_monsterinsights_sitenote_active":false,"_monsterinsights_sitenote_note":"","_monsterinsights_sitenote_category":0,"neve_meta_sidebar":"","neve_meta_container":"","neve_meta_enable_content_width":"","neve_meta_content_width":0,"neve_meta_title_alignment":"","neve_meta_author_avatar":"","neve_post_elements_order":"","neve_meta_disable_header":"","neve_meta_disable_footer":"","neve_meta_disable_title":"","footnotes":""},"class_list":["post-3353","page","type-page","status-publish","hentry"],"aioseo_notices":[],"_links":{"self":[{"href":"https:\/\/trecustel.org\/index.php\/wp-json\/wp\/v2\/pages\/3353","targetHints":{"allow":["GET"]}}],"collection":[{"href":"https:\/\/trecustel.org\/index.php\/wp-json\/wp\/v2\/pages"}],"about":[{"href":"https:\/\/trecustel.org\/index.php\/wp-json\/wp\/v2\/types\/page"}],"author":[{"embeddable":true,"href":"https:\/\/trecustel.org\/index.php\/wp-json\/wp\/v2\/users\/1"}],"replies":[{"embeddable":true,"href":"https:\/\/trecustel.org\/index.php\/wp-json\/wp\/v2\/comments?post=3353"}],"version-history":[{"count":17,"href":"https:\/\/trecustel.org\/index.php\/wp-json\/wp\/v2\/pages\/3353\/revisions"}],"predecessor-version":[{"id":4059,"href":"https:\/\/trecustel.org\/index.php\/wp-json\/wp\/v2\/pages\/3353\/revisions\/4059"}],"wp:attachment":[{"href":"https:\/\/trecustel.org\/index.php\/wp-json\/wp\/v2\/media?parent=3353"}],"curies":[{"name":"wp","href":"https:\/\/api.w.org\/{rel}","templated":true}]}}