{"id":3322,"date":"2022-10-13T15:49:33","date_gmt":"2022-10-13T13:49:33","guid":{"rendered":"https:\/\/trecustel.org\/?page_id=3322"},"modified":"2022-10-13T15:51:21","modified_gmt":"2022-10-13T13:51:21","slug":"recrutement-reparateurs-benevoles","status":"publish","type":"page","link":"https:\/\/trecustel.org\/index.php\/recrutement-reparateurs-benevoles\/","title":{"rendered":"Recrutement r\u00e9parateurs b\u00e9n\u00e9voles"},"content":{"rendered":"\t\t<div data-elementor-type=\"wp-page\" data-elementor-id=\"3322\" class=\"elementor elementor-3322\">\n\t\t\t\t\t\t<section class=\"elementor-section elementor-top-section elementor-element elementor-element-d9ffbfb elementor-section-boxed elementor-section-height-default elementor-section-height-default\" data-id=\"d9ffbfb\" data-element_type=\"section\" data-e-type=\"section\">\n\t\t\t\t\t\t<div class=\"elementor-container elementor-column-gap-default\">\n\t\t\t\t\t<div class=\"elementor-column elementor-col-100 elementor-top-column elementor-element elementor-element-5b3bee6\" data-id=\"5b3bee6\" data-element_type=\"column\" data-e-type=\"column\">\n\t\t\t<div class=\"elementor-widget-wrap elementor-element-populated\">\n\t\t\t\t\t\t<div class=\"elementor-element elementor-element-0dedec7 elementor-widget elementor-widget-text-editor\" data-id=\"0dedec7\" data-element_type=\"widget\" data-e-type=\"widget\" data-widget_type=\"text-editor.default\">\n\t\t\t\t<div class=\"elementor-widget-container\">\n\t\t\t\t\t\t\t\t\t<p><\/p><div class=\"wpb_text_column wpb_content_element vc_custom_1620049234805\"><div class=\"wpb_wrapper\"><h2 style=\"text-align: left;\"><span style=\"color: #ff6600;\">R\u00e9parateurs b\u00e9n\u00e9voles, rejoignez nous !<br \/><\/span><\/h2><\/div><\/div><div class=\"wpb_text_column wpb_content_element \"><div class=\"wpb_wrapper\"><p style=\"text-align: left;\">Au Repair Caf\u00e9 de Stella, nous recherchons des r\u00e9parateurs b\u00e9n\u00e9voles.<\/p><p style=\"text-align: left;\">Vous avez une app\u00e9tence pour la r\u00e9paration de mat\u00e9riels utilis\u00e9s par les particuliers et une exp\u00e9rience de bricoleur averti, alors rejoignez nous !<\/p><p style=\"text-align: left;\">Merci de compl\u00e9ter notre formulaire, nous vous contacterons rapidement. <\/p><\/div><\/div><p><\/p>\t\t\t\t\t\t\t\t<\/div>\n\t\t\t\t<\/div>\n\t\t\t\t\t<\/div>\n\t\t<\/div>\n\t\t\t\t\t<\/div>\n\t\t<\/section>\n\t\t\t\t<section class=\"elementor-section elementor-top-section elementor-element elementor-element-a146438 elementor-section-boxed elementor-section-height-default elementor-section-height-default\" data-id=\"a146438\" data-element_type=\"section\" data-e-type=\"section\">\n\t\t\t\t\t\t<div class=\"elementor-container elementor-column-gap-default\">\n\t\t\t\t\t<div class=\"elementor-column elementor-col-100 elementor-top-column elementor-element elementor-element-d981cdf\" data-id=\"d981cdf\" data-element_type=\"column\" data-e-type=\"column\">\n\t\t\t<div class=\"elementor-widget-wrap elementor-element-populated\">\n\t\t\t\t\t\t<div class=\"elementor-element elementor-element-a917d01 elementor-widget elementor-widget-shortcode\" data-id=\"a917d01\" data-element_type=\"widget\" data-e-type=\"widget\" data-widget_type=\"shortcode.default\">\n\t\t\t\t<div class=\"elementor-widget-container\">\n\t\t\t\t\t\t\t<div class=\"elementor-shortcode\"><div class=\"wpforms-container wpforms-container-full\" id=\"wpforms-2535\"><form id=\"wpforms-form-2535\" class=\"wpforms-validate wpforms-form wpforms-ajax-form\" data-formid=\"2535\" method=\"post\" enctype=\"multipart\/form-data\" action=\"\/index.php\/wp-json\/wp\/v2\/pages\/3322\" data-token=\"cc4155ad8d161e1eb860240ffc2c373b\" data-token-time=\"1778068047\"><noscript class=\"wpforms-error-noscript\">Veuillez activer JavaScript dans votre navigateur pour remplir ce formulaire.<\/noscript><div class=\"wpforms-field-container\"><div id=\"wpforms-2535-field_9-container\" class=\"wpforms-field wpforms-field-text\" data-field-id=\"9\"><label class=\"wpforms-field-label\" for=\"wpforms-2535-field_9\">Pr\u00e9nom NOM<\/label><input type=\"text\" id=\"wpforms-2535-field_9\" class=\"wpforms-field-medium\" name=\"wpforms[fields][9]\" ><\/div><div id=\"wpforms-2535-field_1-container\" class=\"wpforms-field wpforms-field-email\" data-field-id=\"1\"><label class=\"wpforms-field-label\" for=\"wpforms-2535-field_1\">Email<\/label><input type=\"email\" id=\"wpforms-2535-field_1\" class=\"wpforms-field-medium\" name=\"wpforms[fields][1]\" spellcheck=\"false\" ><\/div><div id=\"wpforms-2535-field_5-container\" class=\"wpforms-field wpforms-field-text\" data-field-id=\"5\"><label class=\"wpforms-field-label\" for=\"wpforms-2535-field_5\">T\u00e9l\u00e9phone <span class=\"wpforms-required-label\">*<\/span><\/label><input type=\"text\" id=\"wpforms-2535-field_5\" class=\"wpforms-field-medium wpforms-field-required\" name=\"wpforms[fields][5]\" required><\/div><div id=\"wpforms-2535-field_2-container\" class=\"wpforms-field wpforms-field-textarea\" data-field-id=\"2\"><label class=\"wpforms-field-label\" for=\"wpforms-2535-field_2\">Parlez nous de vous. <span class=\"wpforms-required-label\">*<\/span><\/label><textarea id=\"wpforms-2535-field_2\" class=\"wpforms-field-medium wpforms-field-required\" name=\"wpforms[fields][2]\" required><\/textarea><\/div><div id=\"wpforms-2535-field_3-container\" class=\"wpforms-field wpforms-field-radio\" data-field-id=\"3\"><label class=\"wpforms-field-label\">Votre comp\u00e9tence n\u00b01 <span class=\"wpforms-required-label\">*<\/span><\/label><ul id=\"wpforms-2535-field_3\" class=\"wpforms-field-required\"><li class=\"choice-1 depth-1\"><input type=\"radio\" id=\"wpforms-2535-field_3_1\" name=\"wpforms[fields][3]\" value=\"D\u00e9pannage \u00e9lectrom\u00e9nager\" required ><label class=\"wpforms-field-label-inline\" for=\"wpforms-2535-field_3_1\">D\u00e9pannage \u00e9lectrom\u00e9nager<\/label><\/li><li class=\"choice-4 depth-1\"><input type=\"radio\" id=\"wpforms-2535-field_3_4\" name=\"wpforms[fields][3]\" value=\"D\u00e9pannage t\u00e9l\u00e9 \/ hifi \/ vid\u00e9o\" required ><label class=\"wpforms-field-label-inline\" for=\"wpforms-2535-field_3_4\">D\u00e9pannage t\u00e9l\u00e9 \/ hifi \/ vid\u00e9o<\/label><\/li><li class=\"choice-2 depth-1\"><input type=\"radio\" id=\"wpforms-2535-field_3_2\" name=\"wpforms[fields][3]\" value=\"D\u00e9pannage informatique\" required ><label class=\"wpforms-field-label-inline\" for=\"wpforms-2535-field_3_2\">D\u00e9pannage informatique<\/label><\/li><li class=\"choice-3 depth-1\"><input type=\"radio\" id=\"wpforms-2535-field_3_3\" name=\"wpforms[fields][3]\" value=\"R\u00e9paration de meubles\" required ><label class=\"wpforms-field-label-inline\" for=\"wpforms-2535-field_3_3\">R\u00e9paration de meubles<\/label><\/li><\/ul><\/div><div id=\"wpforms-2535-field_6-container\" class=\"wpforms-field wpforms-field-radio\" data-field-id=\"6\"><label class=\"wpforms-field-label\">Votre comp\u00e9tence n\u00b02<\/label><ul id=\"wpforms-2535-field_6\"><li class=\"choice-1 depth-1\"><input type=\"radio\" id=\"wpforms-2535-field_6_1\" name=\"wpforms[fields][6]\" value=\"D\u00e9pannage \u00e9lectrom\u00e9nager\"  ><label class=\"wpforms-field-label-inline\" for=\"wpforms-2535-field_6_1\">D\u00e9pannage \u00e9lectrom\u00e9nager<\/label><\/li><li class=\"choice-4 depth-1\"><input type=\"radio\" id=\"wpforms-2535-field_6_4\" name=\"wpforms[fields][6]\" value=\"D\u00e9pannage t\u00e9l\u00e9 \/ hifi \/ vid\u00e9o\"  ><label class=\"wpforms-field-label-inline\" for=\"wpforms-2535-field_6_4\">D\u00e9pannage t\u00e9l\u00e9 \/ hifi \/ vid\u00e9o<\/label><\/li><li class=\"choice-2 depth-1\"><input type=\"radio\" id=\"wpforms-2535-field_6_2\" name=\"wpforms[fields][6]\" value=\"D\u00e9pannage informatique\"  ><label class=\"wpforms-field-label-inline\" for=\"wpforms-2535-field_6_2\">D\u00e9pannage informatique<\/label><\/li><li class=\"choice-3 depth-1\"><input type=\"radio\" id=\"wpforms-2535-field_6_3\" name=\"wpforms[fields][6]\" value=\"R\u00e9paration de meubles\"  ><label class=\"wpforms-field-label-inline\" for=\"wpforms-2535-field_6_3\">R\u00e9paration de meubles<\/label><\/li><\/ul><\/div><div id=\"wpforms-2535-field_7-container\" class=\"wpforms-field wpforms-field-radio\" data-field-id=\"7\"><label class=\"wpforms-field-label\">Votre comp\u00e9tence n\u00b03<\/label><ul id=\"wpforms-2535-field_7\"><li class=\"choice-1 depth-1\"><input type=\"radio\" id=\"wpforms-2535-field_7_1\" name=\"wpforms[fields][7]\" value=\"D\u00e9pannage \u00e9lectrom\u00e9nager\"  ><label class=\"wpforms-field-label-inline\" for=\"wpforms-2535-field_7_1\">D\u00e9pannage \u00e9lectrom\u00e9nager<\/label><\/li><li class=\"choice-4 depth-1\"><input type=\"radio\" id=\"wpforms-2535-field_7_4\" name=\"wpforms[fields][7]\" value=\"D\u00e9pannage t\u00e9l\u00e9 \/ hifi \/ vid\u00e9o\"  ><label class=\"wpforms-field-label-inline\" for=\"wpforms-2535-field_7_4\">D\u00e9pannage t\u00e9l\u00e9 \/ hifi \/ vid\u00e9o<\/label><\/li><li class=\"choice-2 depth-1\"><input type=\"radio\" id=\"wpforms-2535-field_7_2\" name=\"wpforms[fields][7]\" value=\"D\u00e9pannage informatique\"  ><label class=\"wpforms-field-label-inline\" for=\"wpforms-2535-field_7_2\">D\u00e9pannage informatique<\/label><\/li><li class=\"choice-3 depth-1\"><input type=\"radio\" id=\"wpforms-2535-field_7_3\" name=\"wpforms[fields][7]\" value=\"R\u00e9paration de meubles\"  ><label class=\"wpforms-field-label-inline\" for=\"wpforms-2535-field_7_3\">R\u00e9paration de meubles<\/label><\/li><\/ul><\/div><div id=\"wpforms-2535-field_4-container\" class=\"wpforms-field wpforms-field-radio\" data-field-id=\"4\"><label class=\"wpforms-field-label\">Je pourrais me rendre disponible <span class=\"wpforms-required-label\">*<\/span><\/label><ul id=\"wpforms-2535-field_4\" class=\"wpforms-field-required\"><li class=\"choice-1 depth-1\"><input type=\"radio\" id=\"wpforms-2535-field_4_1\" name=\"wpforms[fields][4]\" value=\"Une fois par mois\" required ><label class=\"wpforms-field-label-inline\" for=\"wpforms-2535-field_4_1\">Une fois par mois<\/label><\/li><li class=\"choice-2 depth-1\"><input type=\"radio\" id=\"wpforms-2535-field_4_2\" name=\"wpforms[fields][4]\" value=\"Deux fois par mois\" required ><label class=\"wpforms-field-label-inline\" for=\"wpforms-2535-field_4_2\">Deux fois par mois<\/label><\/li><li class=\"choice-3 depth-1\"><input type=\"radio\" id=\"wpforms-2535-field_4_3\" name=\"wpforms[fields][4]\" value=\"Trois fois par mois\" required ><label class=\"wpforms-field-label-inline\" for=\"wpforms-2535-field_4_3\">Trois fois par mois<\/label><\/li><\/ul><\/div><\/div><!-- .wpforms-field-container --><div class=\"wpforms-submit-container\" ><input type=\"hidden\" name=\"wpforms[id]\" value=\"2535\"><input type=\"hidden\" name=\"page_title\" value=\"\"><input type=\"hidden\" name=\"page_url\" value=\"https:\/\/trecustel.org\/index.php\/wp-json\/wp\/v2\/pages\/3322\"><input type=\"hidden\" name=\"url_referer\" value=\"\"><button type=\"submit\" name=\"wpforms[submit]\" id=\"wpforms-submit-2535\" class=\"wpforms-submit\" data-alt-text=\"En cours d&#039;envoi...\" data-submit-text=\"Envoyer\" aria-live=\"assertive\" value=\"wpforms-submit\">Envoyer<\/button><img decoding=\"async\" src=\"https:\/\/trecustel.org\/wp-content\/plugins\/wpforms-lite\/assets\/images\/submit-spin.svg\" class=\"wpforms-submit-spinner\" style=\"display: none;\" width=\"26\" height=\"26\" alt=\"Chargement en cours\"><\/div><\/form><\/div>  <!-- .wpforms-container --><\/div>\n\t\t\t\t\t\t<\/div>\n\t\t\t\t<\/div>\n\t\t\t\t\t<\/div>\n\t\t<\/div>\n\t\t\t\t\t<\/div>\n\t\t<\/section>\n\t\t\t\t<\/div>\n\t\t","protected":false},"excerpt":{"rendered":"<p>R\u00e9parateurs b\u00e9n\u00e9voles, rejoignez nous ! Au Repair Caf\u00e9 de Stella, nous recherchons des r\u00e9parateurs b\u00e9n\u00e9voles. Vous avez une app\u00e9tence pour la r\u00e9paration de mat\u00e9riels utilis\u00e9s par les particuliers et une exp\u00e9rience de bricoleur averti, alors rejoignez nous ! Merci de compl\u00e9ter notre formulaire, nous vous contacterons rapidement.<\/p>\n","protected":false},"author":1,"featured_media":0,"parent":0,"menu_order":0,"comment_status":"closed","ping_status":"closed","template":"page-templates\/template-pagebuilder-full-width.php","meta":{"om_disable_all_campaigns":false,"_monsterinsights_skip_tracking":false,"_monsterinsights_sitenote_active":false,"_monsterinsights_sitenote_note":"","_monsterinsights_sitenote_category":0,"neve_meta_sidebar":"","neve_meta_container":"","neve_meta_enable_content_width":"","neve_meta_content_width":0,"neve_meta_title_alignment":"","neve_meta_author_avatar":"","neve_post_elements_order":"","neve_meta_disable_header":"","neve_meta_disable_footer":"","neve_meta_disable_title":"","footnotes":""},"class_list":["post-3322","page","type-page","status-publish","hentry"],"aioseo_notices":[],"_links":{"self":[{"href":"https:\/\/trecustel.org\/index.php\/wp-json\/wp\/v2\/pages\/3322","targetHints":{"allow":["GET"]}}],"collection":[{"href":"https:\/\/trecustel.org\/index.php\/wp-json\/wp\/v2\/pages"}],"about":[{"href":"https:\/\/trecustel.org\/index.php\/wp-json\/wp\/v2\/types\/page"}],"author":[{"embeddable":true,"href":"https:\/\/trecustel.org\/index.php\/wp-json\/wp\/v2\/users\/1"}],"replies":[{"embeddable":true,"href":"https:\/\/trecustel.org\/index.php\/wp-json\/wp\/v2\/comments?post=3322"}],"version-history":[{"count":5,"href":"https:\/\/trecustel.org\/index.php\/wp-json\/wp\/v2\/pages\/3322\/revisions"}],"predecessor-version":[{"id":3327,"href":"https:\/\/trecustel.org\/index.php\/wp-json\/wp\/v2\/pages\/3322\/revisions\/3327"}],"wp:attachment":[{"href":"https:\/\/trecustel.org\/index.php\/wp-json\/wp\/v2\/media?parent=3322"}],"curies":[{"name":"wp","href":"https:\/\/api.w.org\/{rel}","templated":true}]}}