{"id":3,"date":"2022-06-28T10:22:32","date_gmt":"2022-06-28T08:22:32","guid":{"rendered":"http:\/\/trecustel.org\/?page_id=3"},"modified":"2022-10-13T17:05:12","modified_gmt":"2022-10-13T15:05:12","slug":"politique-de-confidentialite","status":"publish","type":"page","link":"https:\/\/trecustel.org\/index.php\/politique-de-confidentialite\/","title":{"rendered":"Politique de confidentialit\u00e9"},"content":{"rendered":"\n<p><strong>Derni\u00e8re Modification\u00a0: 13 octobre 2022\u00a0\u00a0\u00a0<\/strong><\/p>\n\n\n\n<p>Vous trouverez ici l\u2019ensemble des informations n\u00e9cessaires pour comprendre comment <strong>Tr\u00e9custel <\/strong>collecte, traite et prot\u00e8ge vos donn\u00e9es dans le cadre de l\u2019utilisation de ses services sur le site internet\u00a0<strong>www.trecustel.org<\/strong>.<\/p>\n\n\n\n<p>L\u2019utilisation du pr\u00e9sent site est soumise \u00e0 la pr\u00e9sente Politique.<\/p>\n\n\n\n<p>Compte tenu de l\u2019\u00e9volution constante des lois et r\u00e8glements en mati\u00e8re de technologie et de protection des donn\u00e9es \u00e0 caract\u00e8re personnel, il est probable que la pr\u00e9sente Politique soit mise \u00e0 jour.<\/p>\n\n\n\n<p>Si l\u2019une quelconque des clauses de la pr\u00e9sente Politique devait \u00eatre d\u00e9clar\u00e9e nulle ou contraire \u00e0 la r\u00e9glementation, elle sera r\u00e9put\u00e9e non \u00e9crite mais n\u2019entra\u00eenera pas la nullit\u00e9 des autres clauses de la pr\u00e9sente Politique.<\/p>\n\n\n\n<p>Nous vous remercions de lire attentivement la Politique pour comprendre clairement nos pratiques concernant le traitement de vos donn\u00e9es et vous informons que la consultation et\/ou l\u2019utilisation de notre site entra\u00eene n\u00e9cessairement l\u2019acceptation de la pr\u00e9sente Politique.<\/p>\n\n\n\n<p>Si cette derni\u00e8re n\u2019obtient pas votre adh\u00e9sion, nous vous invitons \u00e0 ne pas utiliser notre site.<\/p>\n\n\n\n<p>Il vous appartient de vous assurer que les donn\u00e9es communiqu\u00e9es \u00e0 <strong>Tr\u00e9custel<\/strong> sont compl\u00e8tes et \u00e0 jour.<\/p>\n\n\n\n<p><strong>Qui est votre R\u00e9f\u00e9rent au sein de Tr\u00e9custel pour toute question sur vos donn\u00e9es ?<\/strong><\/p>\n\n\n\n<p><strong>Etienne FOSSIER<\/strong>, pr\u00e9sident de l\u2019association&nbsp;<strong>Tr\u00e9custel<\/strong>, est votre R\u00e9f\u00e9rent Informatique et Libert\u00e9s charg\u00e9 des questions relatives \u00e0 la protection des donn\u00e9es \u00e0 caract\u00e8re personnel.<\/p>\n\n\n\n<p>Pour toute question relative \u00e0 vos donn\u00e9es et ce qui en est fait par l\u2019association&nbsp;<strong>Tr\u00e9custel<\/strong> vous pouvez contacter le R\u00e9f\u00e9rent Informatique et Libert\u00e9s par email&nbsp;<a href=\"mailto:trecustel62780@gmail.com\">trecustel62780@gmail.com<\/a> ou par courrier \u00e0 l\u2019adresse suivante&nbsp;: <strong>Tr\u00e9custel, <\/strong>1033 boulevard Labrasse, 62780 Cucq.<\/p>\n\n\n\n<p><strong>A quelles fins les donn\u00e9es sont-elles collect\u00e9es&nbsp;?<\/strong><\/p>\n\n\n\n<p><strong>Tr\u00e9custel<\/strong> utilise vos donn\u00e9es pour r\u00e9pondre \u00e0 vos demandes et vous permettre de b\u00e9n\u00e9ficier de ses services tels que : la demande d\u2019informations concernant ses offres de services. Certaines donn\u00e9es peuvent \u00e9galement \u00eatre utilis\u00e9es pour analyser le trafic du site et les habitudes de navigation ou de commande, nous aider \u00e0 comprendre la mani\u00e8re dont vous utilisez le site afin de l\u2019am\u00e9liorer.<\/p>\n\n\n\n<p><strong>Comment vos donn\u00e9es sont-elles collect\u00e9es&nbsp;?<\/strong><\/p>\n\n\n\n<p>Les donn\u00e9es peuvent \u00eatre collect\u00e9es par diff\u00e9rents moyens depuis le site.<\/p>\n\n\n\n<p><strong>Formulaire de contact<\/strong><\/p>\n\n\n\n<p>Lorsque vous nous les communiquez au moyen des formulaires de contact.<\/p>\n\n\n\n<p><strong>Cookies<\/strong><\/p>\n\n\n\n<p>Vous pouvez \u00e0 tout moment d\u00e9sactiver les cookies enregistr\u00e9s sur votre terminal. Pour cela, il suffit de s\u00e9lectionner les param\u00e8tres appropri\u00e9s dans votre navigateur. Cependant, cette d\u00e9sactivation pourrait avoir pour cons\u00e9quence d\u2019emp\u00eacher l\u2019acc\u00e8s \u00e0 certaines fonctionnalit\u00e9s du site permettant de personnaliser les services propos\u00e9s par <strong>Tr\u00e9custel<\/strong>.<\/p>\n\n\n\n<p><strong>Contenu embarqu\u00e9 depuis d\u2019autres sites<\/strong><\/p>\n\n\n\n<p>Les pages de ce site peuvent inclure des contenus int\u00e9gr\u00e9s (par exemple des vid\u00e9os, images, articles\u2026). Le contenu int\u00e9gr\u00e9 depuis d\u2019autres sites se comporte de la m\u00eame mani\u00e8re que si le visiteur se rendait sur cet autre site.<\/p>\n\n\n\n<p>Ces sites web pourraient collecter des donn\u00e9es sur vous, utiliser des cookies, embarquer des outils de suivis tiers, suivre vos interactions avec ces contenus embarqu\u00e9s si vous disposez d\u2019un compte connect\u00e9 sur leur site web.<\/p>\n\n\n\n<p><strong>Statistiques et mesures d\u2019audience<\/strong><\/p>\n\n\n\n<p>Ce site n\u2019utilise pas de service d\u2019analyse de site internet.<\/p>\n\n\n\n<p><strong>Boutons de partage (Twitter, Facebook, Google +)<\/strong><\/p>\n\n\n\n<p>Le site <strong>Tr\u00e9custel<\/strong> s\u2019appuie sur certains services propos\u00e9s par des sites tiers pour am\u00e9liorer l\u2019interactivit\u00e9 du site&nbsp;: Facebook, Instagram. <strong>Tr\u00e9custel<\/strong> n\u2019a aucune influence sur la fa\u00e7on dont ces sites tiers utilisent vos donn\u00e9es personnelles. C\u2019est pourquoi, vous \u00eates invit\u00e9s \u00e0 vous reporter \u00e0 leur politique de confidentialit\u00e9.<\/p>\n\n\n\n<p>En savoir plus, rendez-vous les pages RGPD des services concern\u00e9s&nbsp;:<\/p>\n\n\n\n<p>Facebook : <a href=\"https:\/\/www.facebook.com\/about\/privacy\">https:\/\/www.facebook.com\/about\/privacy<\/a><\/p>\n\n\n\n<p>Instagram : <a href=\"https:\/\/about.instagram.com\/fr-fr\/safety\">https:\/\/about.instagram.com\/fr-fr\/safety<\/a><\/p>\n\n\n\n<p><strong>Quelles donn\u00e9es sont collect\u00e9es par Tr\u00e9custel?<\/strong><\/p>\n\n\n\n<p>Selon les interactions effectu\u00e9es (contact, navigation) nous sommes susceptibles de collecter les donn\u00e9es suivantes&nbsp;:<\/p>\n\n\n\n<p>Votre adresse e-mail vous sera n\u00e9cessairement demand\u00e9e sur l\u2019ensemble de nos formulaires de collecte et plus pr\u00e9cis\u00e9ment, si vous souhaitez :<\/p>\n\n\n\n<p>\u2013 nous contacter via le formulaire de contact,<\/p>\n\n\n\n<p>Les donn\u00e9es suivantes relatives \u00e0 votre identit\u00e9, pourront vous \u00eatre demand\u00e9es, telles que&nbsp;: &nbsp;votre nom et pr\u00e9nom, adresse postale, adresse \u00e9lectronique, num\u00e9ro de t\u00e9l\u00e9phone.<\/p>\n\n\n\n<p>Les donn\u00e9es relatives \u00e0 la navigation : il s\u2019agit des donn\u00e9es relatives \u00e0 la mani\u00e8re dont vous utilisez le site comprenant : l\u2019adresse IP, le navigateur utilis\u00e9, la dur\u00e9e de navigation, l\u2019historique des recherches, le syst\u00e8me d\u2019exploitation utilis\u00e9, la langue et les pages visualis\u00e9es ;<\/p>\n\n\n\n<p>Les donn\u00e9es concernant vos visites sur notre site, y compris les donn\u00e9es de trafic, les fichiers de journal et autres donn\u00e9es ou ressources de communication que vous utilisez en acc\u00e9dant \u00e0 notre site ;<\/p>\n\n\n\n<p>Les donn\u00e9es relatives \u00e0 l\u2019utilisation des r\u00e9seaux sociaux lorsque vous en utilisez les fonctionnalit\u00e9s.<\/p>\n\n\n\n<p><strong>Quels sont les destinataires des donn\u00e9es&nbsp;?<\/strong><\/p>\n\n\n\n<p>Les donn\u00e9es collect\u00e9es sont destin\u00e9es \u00e0 l\u2019usage de <strong>Tr\u00e9custel<\/strong>.<\/p>\n\n\n\n<p><strong>Combien de temps vos donn\u00e9es sont-elles conserv\u00e9es ?<\/strong><\/p>\n\n\n\n<p><strong>Tr\u00e9custel<\/strong> ne conserve vos donn\u00e9es que pour la dur\u00e9e n\u00e9cessaire aux finalit\u00e9s expos\u00e9es \u00e0 l\u2019Article 3 du r\u00e8glement europ\u00e9en 2016\/679 sur la protection des donn\u00e9es.<\/p>\n\n\n\n<p>Cette dur\u00e9e de conservation n\u2019est pas la m\u00eame selon les donn\u00e9es en cause, la nature et la finalit\u00e9 de la collecte \u00e9tant susceptible de faire varier cette dur\u00e9e. De m\u00eame, certaines obligations l\u00e9gales imposent une dur\u00e9e de conservation sp\u00e9cifique.<\/p>\n\n\n\n<p>Lorsque vous prenez contact avec <strong>Tr\u00e9custel<\/strong> gr\u00e2ce aux diff\u00e9rents formulaires de contact, au num\u00e9ro de t\u00e9l\u00e9phone, vos donn\u00e9es seront conserv\u00e9es pendant trois (3) ans \u00e0 compter du dernier \u00e9change avec <strong>Tr\u00e9custel<\/strong> puis seront supprim\u00e9es.<\/p>\n\n\n\n<p><strong>Quels sont les droits que vous avez sur vos donn\u00e9es&nbsp;?<\/strong><\/p>\n\n\n\n<p>\u2013 le droit d\u2019obtenir la confirmation que vos donn\u00e9es sont bien trait\u00e9es par <strong>Tr\u00e9custel<\/strong> et les modalit\u00e9s de traitement de ces donn\u00e9es,<\/p>\n\n\n\n<p>\u2013 le droit d\u2019acc\u00e9der \u00e0 vos donn\u00e9es,<\/p>\n\n\n\n<p>\u2013 le droit de rectifier les donn\u00e9es qui sont inexactes ou incompl\u00e8tes,<\/p>\n\n\n\n<p>\u2013 le droit de demander l\u2019effacement des donn\u00e9es qui n\u2019ont plus \u00e0 \u00eatre conserv\u00e9es (cela ne prend pas en compte les donn\u00e9es stock\u00e9es \u00e0 des fins administratives, l\u00e9gales ou pour des raisons de s\u00e9curit\u00e9),<\/p>\n\n\n\n<p>\u2013 le droit \u00e0 la limitation du traitement de vos donn\u00e9es si vos donn\u00e9es \u00e9taient utilis\u00e9es,<\/p>\n\n\n\n<p>\u2013 le droit \u00e0 la notification des mises \u00e0 jour de vos donn\u00e9es,<\/p>\n\n\n\n<p>\u2013 le droit \u00e0 la portabilit\u00e9 des donn\u00e9es qui vous avez fournies selon des proc\u00e9d\u00e9s automatis\u00e9s (pour les utilisateurs et utilisatrices qui s\u2019enregistrent sur notre site, vous pouvez demander \u00e0 recevoir un fichier contenant toutes les donn\u00e9es personnelles que nous poss\u00e9dons \u00e0 votre sujet, incluant celles que vous nous avez fournies),<\/p>\n\n\n\n<p>\u2013 le droit d\u2019opposition pour motif l\u00e9gitime au traitement de vos donn\u00e9es, ou simplement \u00e0 de la prospection commerciale.<\/p>\n\n\n\n<p>Vous disposez \u00e9galement du droit de d\u00e9finir des directives relatives au sort de vos donn\u00e9es en cas de d\u00e9c\u00e8s.<\/p>\n\n\n\n<p>Pour exercer ces droits, vous devez en faire la demande, par email&nbsp;<a href=\"mailto:trecustel62780@gmail.com\">trecustel62780@gmail.com<\/a> ou par courrier \u00e0 l\u2019adresse suivante&nbsp;: <strong>Tr\u00e9custel, <\/strong>1033 boulevard Labrasse, 62780 Cucq, accompagn\u00e9 d\u2019une copie d\u2019un titre d\u2019identit\u00e9 sign\u00e9.<\/p>\n\n\n\n<p>Lorsque le traitement de vos donn\u00e9es est effectu\u00e9 sur la base de votre consentement, vous pouvez retirer celui-ci \u00e0 tout moment. Vous reconnaissez toutefois que les traitements effectu\u00e9s avant la r\u00e9vocation de votre consentement demeurent parfaitement valables.<\/p>\n\n\n\n<p>Nous disposons d\u2019un d\u00e9lai d\u2019un mois pour r\u00e9pondre \u00e0 toute demande relative \u00e0 l\u2019exercice de vos droits. Ce d\u00e9lai peut \u00eatre prorog\u00e9 de deux mois, en raison de la complexit\u00e9 ou du trop grand nombre de demandes.<\/p>\n\n\n\n<p>Nous vous rappelons que vous pouvez contacter la CNIL directement sur le site internet <a href=\"https:\/\/www.cnil.fr\/fr\/agir\">https:\/\/www.cnil.fr\/fr\/agir<\/a> &nbsp;ou par courrier \u00e0 l\u2019adresse suivante : Commission Nationale de l\u2019Informatique et des Libert\u00e9s, 3 Place de Fontenoy \u2013 TSA 80715, 75334 PARIS CEDEX 07.<\/p>\n\n\n\n<p><strong>Comment vos donn\u00e9es sont-elles prot\u00e9g\u00e9es&nbsp;?<\/strong><\/p>\n\n\n\n<p>Vos donn\u00e9es sont conserv\u00e9es sur des serveurs s\u00e9curis\u00e9s et prot\u00e9g\u00e9s par des pare-feu et antivirus.<\/p>\n\n\n\n<p>Nous prot\u00e9geons la s\u00e9curit\u00e9 de vos informations personnelles lors de leur transmission en utilisant le logiciel SSL (Secure Sockets Layer Software) qui crypte les informations que vous entrez avant qu\u2019elles ne nous soient envoy\u00e9es.<\/p>\n\n\n\n<p>Nous avons mis en place des mesures techniques et organisationnelles destin\u00e9es \u00e0 garantir la s\u00e9curit\u00e9 et la confidentialit\u00e9 de vos donn\u00e9es contre toute perte accidentelle et contre tout acc\u00e8s, utilisation, modification et divulgation non autoris\u00e9s.<\/p>\n\n\n\n<p>Compte tenu des particularit\u00e9s inh\u00e9rentes \u00e0 Internet, il nous est toutefois impossible de garantir la s\u00e9curit\u00e9 optimale des \u00e9changes d\u2019informations sur ce r\u00e9seau. Nous nous effor\u00e7ons de prot\u00e9ger vos donn\u00e9es, mais nous ne pouvons garantir la s\u00e9curit\u00e9 absolue des informations transmises sur notre site. Vous convenez que vous transmettez vos donn\u00e9es \u00e0 vos propres risques.<\/p>\n\n\n\n<p>Nous ne pouvons \u00eatre tenus responsables du non-respect des param\u00e8tres de confidentialit\u00e9 ou des mesures de s\u00e9curit\u00e9 en place sur notre site. A ce titre, vous convenez que la s\u00e9curit\u00e9 de vos informations est \u00e9galement de votre ressort. Par exemple, il vous incombe de garder secret le mot de passe vous permettant d\u2019acc\u00e9der \u00e0 votre compte d\u2019utilisateur. Ne le divulguez en aucun cas \u00e0 des tiers.<\/p>\n","protected":false},"excerpt":{"rendered":"<p>Derni\u00e8re Modification\u00a0: 13 octobre 2022\u00a0\u00a0\u00a0 Vous trouverez ici l\u2019ensemble des informations n\u00e9cessaires pour comprendre comment Tr\u00e9custel collecte, traite et prot\u00e8ge vos donn\u00e9es dans le cadre de l\u2019utilisation de ses services sur le site internet\u00a0www.trecustel.org. L\u2019utilisation du pr\u00e9sent site est soumise \u00e0 la pr\u00e9sente Politique. Compte tenu de l\u2019\u00e9volution constante des lois et r\u00e8glements en mati\u00e8re&hellip;&nbsp;<a href=\"https:\/\/trecustel.org\/index.php\/politique-de-confidentialite\/\" rel=\"bookmark\">Lire la suite &raquo;<span class=\"screen-reader-text\">Politique de confidentialit\u00e9<\/span><\/a><\/p>\n","protected":false},"author":1,"featured_media":0,"parent":0,"menu_order":0,"comment_status":"closed","ping_status":"open","template":"","meta":{"om_disable_all_campaigns":false,"_monsterinsights_skip_tracking":false,"_monsterinsights_sitenote_active":false,"_monsterinsights_sitenote_note":"","_monsterinsights_sitenote_category":0,"neve_meta_sidebar":"","neve_meta_container":"","neve_meta_enable_content_width":"","neve_meta_content_width":0,"neve_meta_title_alignment":"","neve_meta_author_avatar":"","neve_post_elements_order":"","neve_meta_disable_header":"","neve_meta_disable_footer":"","neve_meta_disable_title":"","footnotes":""},"class_list":["post-3","page","type-page","status-publish","hentry"],"aioseo_notices":[],"_links":{"self":[{"href":"https:\/\/trecustel.org\/index.php\/wp-json\/wp\/v2\/pages\/3","targetHints":{"allow":["GET"]}}],"collection":[{"href":"https:\/\/trecustel.org\/index.php\/wp-json\/wp\/v2\/pages"}],"about":[{"href":"https:\/\/trecustel.org\/index.php\/wp-json\/wp\/v2\/types\/page"}],"author":[{"embeddable":true,"href":"https:\/\/trecustel.org\/index.php\/wp-json\/wp\/v2\/users\/1"}],"replies":[{"embeddable":true,"href":"https:\/\/trecustel.org\/index.php\/wp-json\/wp\/v2\/comments?post=3"}],"version-history":[{"count":1,"href":"https:\/\/trecustel.org\/index.php\/wp-json\/wp\/v2\/pages\/3\/revisions"}],"predecessor-version":[{"id":3336,"href":"https:\/\/trecustel.org\/index.php\/wp-json\/wp\/v2\/pages\/3\/revisions\/3336"}],"wp:attachment":[{"href":"https:\/\/trecustel.org\/index.php\/wp-json\/wp\/v2\/media?parent=3"}],"curies":[{"name":"wp","href":"https:\/\/api.w.org\/{rel}","templated":true}]}}