{"id":2843,"date":"2022-07-10T16:11:23","date_gmt":"2022-07-10T14:11:23","guid":{"rendered":"https:\/\/trecustel.org\/?page_id=2843"},"modified":"2022-11-07T15:28:58","modified_gmt":"2022-11-07T14:28:58","slug":"agenda-general","status":"publish","type":"page","link":"https:\/\/trecustel.org\/index.php\/agenda-general\/","title":{"rendered":"Agenda Tr\u00e9custel"},"content":{"rendered":"\t\t<div data-elementor-type=\"wp-page\" data-elementor-id=\"2843\" class=\"elementor elementor-2843\">\n\t\t\t\t\t\t<section class=\"elementor-section elementor-top-section elementor-element elementor-element-10f889c elementor-section-boxed elementor-section-height-default elementor-section-height-default\" data-id=\"10f889c\" data-element_type=\"section\" data-e-type=\"section\">\n\t\t\t\t\t\t<div class=\"elementor-container elementor-column-gap-default\">\n\t\t\t\t\t<div class=\"elementor-column elementor-col-100 elementor-top-column elementor-element elementor-element-e5e7d51\" data-id=\"e5e7d51\" data-element_type=\"column\" data-e-type=\"column\">\n\t\t\t<div class=\"elementor-widget-wrap elementor-element-populated\">\n\t\t\t\t\t\t<div class=\"elementor-element elementor-element-be664cf elementor-widget elementor-widget-text-editor\" data-id=\"be664cf\" data-element_type=\"widget\" data-e-type=\"widget\" data-widget_type=\"text-editor.default\">\n\t\t\t\t<div class=\"elementor-widget-container\">\n\t\t\t\t\t\t\t\t\t<p><em>Cliquez sur un \u00e9v\u00e8nement pour en connaitre le d\u00e9tail et ajoutez le \u00e0 votre agenda Google tr\u00e8s facilement.<\/em><\/p>\t\t\t\t\t\t\t\t<\/div>\n\t\t\t\t<\/div>\n\t\t\t\t\t<\/div>\n\t\t<\/div>\n\t\t\t\t\t<\/div>\n\t\t<\/section>\n\t\t\t\t<section class=\"elementor-section elementor-top-section elementor-element elementor-element-54c657f elementor-section-boxed elementor-section-height-default elementor-section-height-default\" data-id=\"54c657f\" data-element_type=\"section\" data-e-type=\"section\">\n\t\t\t\t\t\t<div class=\"elementor-container elementor-column-gap-default\">\n\t\t\t\t\t<div class=\"elementor-column elementor-col-100 elementor-top-column elementor-element elementor-element-71608bf\" data-id=\"71608bf\" data-element_type=\"column\" data-e-type=\"column\">\n\t\t\t<div class=\"elementor-widget-wrap elementor-element-populated\">\n\t\t\t\t\t\t<div class=\"elementor-element elementor-element-accd389 elementor-widget elementor-widget-shortcode\" data-id=\"accd389\" data-element_type=\"widget\" data-e-type=\"widget\" data-widget_type=\"shortcode.default\">\n\t\t\t\t<div class=\"elementor-widget-container\">\n\t\t\t\t\t\t\t<div class=\"elementor-shortcode\">\t\t<div class=\"wpfc-calendar-wrapper\"><form class=\"wpfc-calendar\" id=\"wpfc-calendar-60998\"><\/form><div class=\"wpfc-loading\"><\/div><\/div>\r\n\t\t<div class=\"wpfc-calendar-search\" style=\"display:none;\">\r\n\t\t\t<select  name='event-categories' id='event-categories' class='wpfc-taxonomy event-categories'>\n\t<option value='0' selected='selected'>Tous les \u00c9v\u00e8nement Categories<\/option>\n<option class=\"level-0\" value=\"30\">#1e73be - Repair Caf\u00e9<\/option><option class=\"level-0\" value=\"31\">#000000 - Ateliers th\u00e9\u00e2tre<\/option><option class=\"level-0\" value=\"32\">#8224e3 - Ateliers lecture<\/option><option class=\"level-0\" value=\"34\">#FFFFFF - Ateliers \u00e9co-citoyens<\/option><option class=\"level-0\" value=\"36\">#a8d144 - Ev\u00e8nement ponctuel<\/option><option class=\"level-0\" value=\"37\">#81d742 - Atelier tricot et papotages<\/option><option class=\"level-0\" value=\"39\">#a8d144 - Atelier informatique<\/option><\/select>\n\t\t<\/div>\r\n\t\t<script type=\"text\/javascript\">\r\n\t\t\tWPFC.data = {\r\n\t\t\t\taction : 'WP_FullCalendar',\r\n\t\t\t\t'type' : 'event','month' : 4,'year' : 2026,\t\t\t };\r\n\t\t\tWPFC.month = 4;\r\n\t\t\tWPFC.year = 2026;\r\n\t\t<\/script>\r\n\t\t<\/div>\n\t\t\t\t\t\t<\/div>\n\t\t\t\t<\/div>\n\t\t\t\t\t<\/div>\n\t\t<\/div>\n\t\t\t\t\t<\/div>\n\t\t<\/section>\n\t\t\t\t<\/div>\n\t\t","protected":false},"excerpt":{"rendered":"<p>Cliquez sur un \u00e9v\u00e8nement pour en connaitre le d\u00e9tail et ajoutez le \u00e0 votre agenda Google tr\u00e8s facilement.<\/p>\n","protected":false},"author":1,"featured_media":0,"parent":0,"menu_order":0,"comment_status":"closed","ping_status":"closed","template":"","meta":{"om_disable_all_campaigns":false,"_monsterinsights_skip_tracking":false,"_monsterinsights_sitenote_active":false,"_monsterinsights_sitenote_note":"","_monsterinsights_sitenote_category":0,"neve_meta_sidebar":"","neve_meta_container":"","neve_meta_enable_content_width":"","neve_meta_content_width":0,"neve_meta_title_alignment":"","neve_meta_author_avatar":"","neve_post_elements_order":"","neve_meta_disable_header":"","neve_meta_disable_footer":"","neve_meta_disable_title":"","footnotes":""},"class_list":["post-2843","page","type-page","status-publish","hentry"],"aioseo_notices":[],"_links":{"self":[{"href":"https:\/\/trecustel.org\/index.php\/wp-json\/wp\/v2\/pages\/2843","targetHints":{"allow":["GET"]}}],"collection":[{"href":"https:\/\/trecustel.org\/index.php\/wp-json\/wp\/v2\/pages"}],"about":[{"href":"https:\/\/trecustel.org\/index.php\/wp-json\/wp\/v2\/types\/page"}],"author":[{"embeddable":true,"href":"https:\/\/trecustel.org\/index.php\/wp-json\/wp\/v2\/users\/1"}],"replies":[{"embeddable":true,"href":"https:\/\/trecustel.org\/index.php\/wp-json\/wp\/v2\/comments?post=2843"}],"version-history":[{"count":147,"href":"https:\/\/trecustel.org\/index.php\/wp-json\/wp\/v2\/pages\/2843\/revisions"}],"predecessor-version":[{"id":3793,"href":"https:\/\/trecustel.org\/index.php\/wp-json\/wp\/v2\/pages\/2843\/revisions\/3793"}],"wp:attachment":[{"href":"https:\/\/trecustel.org\/index.php\/wp-json\/wp\/v2\/media?parent=2843"}],"curies":[{"name":"wp","href":"https:\/\/api.w.org\/{rel}","templated":true}]}}