{"id":16,"date":"2022-06-28T11:07:22","date_gmt":"2022-06-28T09:07:22","guid":{"rendered":"https:\/\/trecustel.org\/?page_id=16"},"modified":"2022-10-24T17:12:18","modified_gmt":"2022-10-24T15:12:18","slug":"espace-culture","status":"publish","type":"page","link":"https:\/\/trecustel.org\/index.php\/espace-culture\/","title":{"rendered":"Atelier Lectures d\u2019\u00c9t\u00e9"},"content":{"rendered":"\t\t<div data-elementor-type=\"wp-page\" data-elementor-id=\"16\" class=\"elementor elementor-16\">\n\t\t\t\t\t\t<section class=\"elementor-section elementor-top-section elementor-element elementor-element-371fdc48 elementor-section-boxed elementor-section-height-default elementor-section-height-default\" data-id=\"371fdc48\" data-element_type=\"section\" data-e-type=\"section\">\n\t\t\t\t\t\t<div class=\"elementor-container elementor-column-gap-default\">\n\t\t\t\t\t<div class=\"elementor-column elementor-col-100 elementor-top-column elementor-element elementor-element-46475aef\" data-id=\"46475aef\" data-element_type=\"column\" data-e-type=\"column\">\n\t\t\t<div class=\"elementor-widget-wrap elementor-element-populated\">\n\t\t\t\t\t\t<div class=\"elementor-element elementor-element-b6aef77 elementor-widget elementor-widget-text-editor\" data-id=\"b6aef77\" data-element_type=\"widget\" data-e-type=\"widget\" data-widget_type=\"text-editor.default\">\n\t\t\t\t<div class=\"elementor-widget-container\">\n\t\t\t\t\t\t\t\t\t<p>Cet \u00e9t\u00e9, des lectures d&#8217;albums de litt\u00e9rature de jeunesse ont \u00e9t\u00e9 propos\u00e9es aux petits comme aux grands (Il n&#8217;y a pas de limite d&#8217;\u00e2ge !) sur la plage de Stella-Plage quatre apr\u00e8s-midis au mois de juillet.<\/p><p>Pour le deuxi\u00e8me semestre, nous\u00a0 proposons aux adultes de nous retrouver autour des livres le 1er samedi du mois. L&#8217;atelier est anim\u00e9 par Ludovic. Le plus souvent, chacun pr\u00e9sente le livre qu&#8217;il lit ou qu&#8217;il a lu ou un coup de c\u0153ur. L&#8217;atelier peut aussi se faire autour d&#8217;une lecture collective. Le mois prochain, nous nous retrouverons le samedi 19 novembre pour discuter du livre de Delphine De Vigan : &#8220;Tous les enfants sont rois&#8221;, que nous aurons tous lu pr\u00e9alablement.<\/p><p>C&#8217;est l&#8217;occasion de d\u00e9couvrir de nouveaux auteurs et d&#8217;aller vers des lectures que nous n&#8217;aurions probablement pas faits sans l&#8217;atelier.<\/p><p>\u00a0<\/p>\t\t\t\t\t\t\t\t<\/div>\n\t\t\t\t<\/div>\n\t\t\t\t\t<\/div>\n\t\t<\/div>\n\t\t\t\t\t<\/div>\n\t\t<\/section>\n\t\t\t\t<section class=\"elementor-section elementor-top-section elementor-element elementor-element-1ec7298 elementor-section-boxed elementor-section-height-default elementor-section-height-default\" data-id=\"1ec7298\" data-element_type=\"section\" data-e-type=\"section\">\n\t\t\t\t\t\t<div class=\"elementor-container elementor-column-gap-default\">\n\t\t\t\t\t<div class=\"elementor-column elementor-col-100 elementor-top-column elementor-element elementor-element-a634c01\" data-id=\"a634c01\" data-element_type=\"column\" data-e-type=\"column\">\n\t\t\t<div class=\"elementor-widget-wrap elementor-element-populated\">\n\t\t\t\t\t\t<div class=\"elementor-element elementor-element-b4c43f9 elementor-widget elementor-widget-shortcode\" data-id=\"b4c43f9\" data-element_type=\"widget\" data-e-type=\"widget\" data-widget_type=\"shortcode.default\">\n\t\t\t\t<div class=\"elementor-widget-container\">\n\t\t\t\t\t\t\t<div class=\"elementor-shortcode\"><\/div>\n\t\t\t\t\t\t<\/div>\n\t\t\t\t<\/div>\n\t\t\t\t\t<\/div>\n\t\t<\/div>\n\t\t\t\t\t<\/div>\n\t\t<\/section>\n\t\t\t\t<section class=\"elementor-section elementor-top-section elementor-element elementor-element-ff4f565 elementor-section-boxed elementor-section-height-default elementor-section-height-default\" data-id=\"ff4f565\" data-element_type=\"section\" data-e-type=\"section\">\n\t\t\t\t\t\t<div class=\"elementor-container elementor-column-gap-default\">\n\t\t\t\t\t<div class=\"elementor-column elementor-col-50 elementor-top-column elementor-element elementor-element-d4e1ce7\" data-id=\"d4e1ce7\" data-element_type=\"column\" data-e-type=\"column\">\n\t\t\t<div class=\"elementor-widget-wrap elementor-element-populated\">\n\t\t\t\t\t\t<div class=\"elementor-element elementor-element-a5cfee1 elementor-widget elementor-widget-image\" data-id=\"a5cfee1\" data-element_type=\"widget\" data-e-type=\"widget\" data-widget_type=\"image.default\">\n\t\t\t\t<div class=\"elementor-widget-container\">\n\t\t\t\t\t\t\t\t\t\t\t\t\t\t\t<img fetchpriority=\"high\" decoding=\"async\" width=\"1024\" height=\"576\" src=\"https:\/\/trecustel.org\/wp-content\/uploads\/2022\/10\/Lectures-dete-1024x576.jpg\" class=\"attachment-large size-large wp-image-3565\" alt=\"\" srcset=\"https:\/\/trecustel.org\/wp-content\/uploads\/2022\/10\/Lectures-dete-1024x576.jpg 1024w, https:\/\/trecustel.org\/wp-content\/uploads\/2022\/10\/Lectures-dete-300x169.jpg 300w, https:\/\/trecustel.org\/wp-content\/uploads\/2022\/10\/Lectures-dete-768x432.jpg 768w, https:\/\/trecustel.org\/wp-content\/uploads\/2022\/10\/Lectures-dete-1536x864.jpg 1536w, https:\/\/trecustel.org\/wp-content\/uploads\/2022\/10\/Lectures-dete-2048x1152.jpg 2048w, https:\/\/trecustel.org\/wp-content\/uploads\/2022\/10\/Lectures-dete-1320x743.jpg 1320w\" sizes=\"(max-width: 1024px) 100vw, 1024px\" \/>\t\t\t\t\t\t\t\t\t\t\t\t\t\t\t<\/div>\n\t\t\t\t<\/div>\n\t\t\t\t\t<\/div>\n\t\t<\/div>\n\t\t\t\t<div class=\"elementor-column elementor-col-50 elementor-top-column elementor-element elementor-element-a2869ed\" data-id=\"a2869ed\" data-element_type=\"column\" data-e-type=\"column\">\n\t\t\t<div class=\"elementor-widget-wrap elementor-element-populated\">\n\t\t\t\t\t\t<div class=\"elementor-element elementor-element-ca3dd20 elementor-widget elementor-widget-image\" data-id=\"ca3dd20\" data-element_type=\"widget\" data-e-type=\"widget\" data-widget_type=\"image.default\">\n\t\t\t\t<div class=\"elementor-widget-container\">\n\t\t\t\t\t\t\t\t\t\t\t\t\t\t\t<img decoding=\"async\" width=\"640\" height=\"480\" src=\"https:\/\/trecustel.org\/wp-content\/uploads\/2022\/10\/Stella-2-1.jpg\" class=\"attachment-large size-large wp-image-3570\" alt=\"\" srcset=\"https:\/\/trecustel.org\/wp-content\/uploads\/2022\/10\/Stella-2-1.jpg 640w, https:\/\/trecustel.org\/wp-content\/uploads\/2022\/10\/Stella-2-1-300x225.jpg 300w\" sizes=\"(max-width: 640px) 100vw, 640px\" \/>\t\t\t\t\t\t\t\t\t\t\t\t\t\t\t<\/div>\n\t\t\t\t<\/div>\n\t\t\t\t\t<\/div>\n\t\t<\/div>\n\t\t\t\t\t<\/div>\n\t\t<\/section>\n\t\t\t\t<section class=\"elementor-section elementor-top-section elementor-element elementor-element-6181df2 elementor-section-boxed elementor-section-height-default elementor-section-height-default\" data-id=\"6181df2\" data-element_type=\"section\" data-e-type=\"section\">\n\t\t\t\t\t\t<div class=\"elementor-container elementor-column-gap-default\">\n\t\t\t\t\t<div class=\"elementor-column elementor-col-50 elementor-top-column elementor-element elementor-element-d4b97f5\" data-id=\"d4b97f5\" data-element_type=\"column\" data-e-type=\"column\">\n\t\t\t<div class=\"elementor-widget-wrap elementor-element-populated\">\n\t\t\t\t\t\t<div class=\"elementor-element elementor-element-02f98c4 elementor-widget elementor-widget-image\" data-id=\"02f98c4\" data-element_type=\"widget\" data-e-type=\"widget\" data-widget_type=\"image.default\">\n\t\t\t\t<div class=\"elementor-widget-container\">\n\t\t\t\t\t\t\t\t\t\t\t\t\t\t\t<img decoding=\"async\" width=\"768\" height=\"1024\" src=\"https:\/\/trecustel.org\/wp-content\/uploads\/2022\/10\/Stella-2.jpg\" class=\"attachment-large size-large wp-image-3566\" alt=\"\" srcset=\"https:\/\/trecustel.org\/wp-content\/uploads\/2022\/10\/Stella-2.jpg 768w, https:\/\/trecustel.org\/wp-content\/uploads\/2022\/10\/Stella-2-225x300.jpg 225w\" sizes=\"(max-width: 768px) 100vw, 768px\" \/>\t\t\t\t\t\t\t\t\t\t\t\t\t\t\t<\/div>\n\t\t\t\t<\/div>\n\t\t\t\t\t<\/div>\n\t\t<\/div>\n\t\t\t\t<div class=\"elementor-column elementor-col-50 elementor-top-column elementor-element elementor-element-b3f148e\" data-id=\"b3f148e\" data-element_type=\"column\" data-e-type=\"column\">\n\t\t\t<div class=\"elementor-widget-wrap elementor-element-populated\">\n\t\t\t\t\t\t<div class=\"elementor-element elementor-element-78e4220 elementor-widget elementor-widget-image\" data-id=\"78e4220\" data-element_type=\"widget\" data-e-type=\"widget\" data-widget_type=\"image.default\">\n\t\t\t\t<div class=\"elementor-widget-container\">\n\t\t\t\t\t\t\t\t\t\t\t\t\t\t\t<img loading=\"lazy\" decoding=\"async\" width=\"640\" height=\"480\" src=\"https:\/\/trecustel.org\/wp-content\/uploads\/2022\/10\/Stella-4.jpg\" class=\"attachment-large size-large wp-image-3571\" alt=\"\" srcset=\"https:\/\/trecustel.org\/wp-content\/uploads\/2022\/10\/Stella-4.jpg 640w, https:\/\/trecustel.org\/wp-content\/uploads\/2022\/10\/Stella-4-300x225.jpg 300w\" sizes=\"(max-width: 640px) 100vw, 640px\" \/>\t\t\t\t\t\t\t\t\t\t\t\t\t\t\t<\/div>\n\t\t\t\t<\/div>\n\t\t\t\t\t<\/div>\n\t\t<\/div>\n\t\t\t\t\t<\/div>\n\t\t<\/section>\n\t\t\t\t<\/div>\n\t\t","protected":false},"excerpt":{"rendered":"<p>Cet \u00e9t\u00e9, des lectures d&#8217;albums de litt\u00e9rature de jeunesse ont \u00e9t\u00e9 propos\u00e9es aux petits comme aux grands (Il n&#8217;y a pas de limite d&#8217;\u00e2ge !) sur la plage de Stella-Plage quatre apr\u00e8s-midis au mois de juillet. Pour le deuxi\u00e8me semestre, nous\u00a0 proposons aux adultes de nous retrouver autour des livres le 1er samedi du mois.&hellip;&nbsp;<a href=\"https:\/\/trecustel.org\/index.php\/espace-culture\/\" rel=\"bookmark\">Lire la suite &raquo;<span class=\"screen-reader-text\">Atelier Lectures d\u2019\u00c9t\u00e9<\/span><\/a><\/p>\n","protected":false},"author":1,"featured_media":0,"parent":0,"menu_order":0,"comment_status":"closed","ping_status":"closed","template":"","meta":{"om_disable_all_campaigns":false,"_monsterinsights_skip_tracking":false,"_monsterinsights_sitenote_active":false,"_monsterinsights_sitenote_note":"","_monsterinsights_sitenote_category":0,"neve_meta_sidebar":"","neve_meta_container":"","neve_meta_enable_content_width":"","neve_meta_content_width":0,"neve_meta_title_alignment":"","neve_meta_author_avatar":"","neve_post_elements_order":"","neve_meta_disable_header":"","neve_meta_disable_footer":"","neve_meta_disable_title":"","footnotes":""},"class_list":["post-16","page","type-page","status-publish","hentry"],"aioseo_notices":[],"_links":{"self":[{"href":"https:\/\/trecustel.org\/index.php\/wp-json\/wp\/v2\/pages\/16","targetHints":{"allow":["GET"]}}],"collection":[{"href":"https:\/\/trecustel.org\/index.php\/wp-json\/wp\/v2\/pages"}],"about":[{"href":"https:\/\/trecustel.org\/index.php\/wp-json\/wp\/v2\/types\/page"}],"author":[{"embeddable":true,"href":"https:\/\/trecustel.org\/index.php\/wp-json\/wp\/v2\/users\/1"}],"replies":[{"embeddable":true,"href":"https:\/\/trecustel.org\/index.php\/wp-json\/wp\/v2\/comments?post=16"}],"version-history":[{"count":23,"href":"https:\/\/trecustel.org\/index.php\/wp-json\/wp\/v2\/pages\/16\/revisions"}],"predecessor-version":[{"id":3574,"href":"https:\/\/trecustel.org\/index.php\/wp-json\/wp\/v2\/pages\/16\/revisions\/3574"}],"wp:attachment":[{"href":"https:\/\/trecustel.org\/index.php\/wp-json\/wp\/v2\/media?parent=16"}],"curies":[{"name":"wp","href":"https:\/\/api.w.org\/{rel}","templated":true}]}}